{"id":16909,"date":"2025-12-16T16:08:54","date_gmt":"2025-12-16T14:08:54","guid":{"rendered":"https:\/\/itsduacosmetics.com\/?post_type=product&#038;p=16909"},"modified":"2026-02-05T06:13:15","modified_gmt":"2026-02-05T04:13:15","slug":"alev","status":"publish","type":"product","link":"https:\/\/itsduacosmetics.com\/tr\/urun\/alev\/","title":{"rendered":"Alev"},"content":{"rendered":"<p>Alev<\/p>\n<p>Lip Gloss \u2013 Shade 17<br \/>\nGlossy Copper<br \/>\nVolume: 5 ml<\/p>\n<p>A glossy copper lip gloss with vibrant pigmentation and radiant shine<br \/>\nEnhances lip fullness while keeping lips smooth and hydrated<br \/>\nHydrating \u2022 Plumping \u2022 Shiny \u2022 Pigmented<br \/>\nEnriched with natural oils<\/p>\n<p>Large applicator for easy application<\/p>\n<p>Fragrance: Warm coffee-inspired scent<\/p>\n<p><img fetchpriority=\"high\" decoding=\"async\" class=\"alignnone size-medium wp-image-16910\" src=\"https:\/\/itsduacosmetics.com\/wp-content\/uploads\/2025\/12\/IMG_1733-200x300.jpg\" alt=\"\" width=\"200\" height=\"300\" srcset=\"https:\/\/itsduacosmetics.com\/wp-content\/uploads\/2025\/12\/IMG_1733-200x300.jpg 200w, https:\/\/itsduacosmetics.com\/wp-content\/uploads\/2025\/12\/IMG_1733-683x1024.jpg 683w, https:\/\/itsduacosmetics.com\/wp-content\/uploads\/2025\/12\/IMG_1733-768x1152.jpg 768w, https:\/\/itsduacosmetics.com\/wp-content\/uploads\/2025\/12\/IMG_1733-1024x1536.jpg 1024w, https:\/\/itsduacosmetics.com\/wp-content\/uploads\/2025\/12\/IMG_1733-1365x2048.jpg 1365w, https:\/\/itsduacosmetics.com\/wp-content\/uploads\/2025\/12\/IMG_1733-8x12.jpg 8w, https:\/\/itsduacosmetics.com\/wp-content\/uploads\/2025\/12\/IMG_1733-1200x1800.jpg 1200w, https:\/\/itsduacosmetics.com\/wp-content\/uploads\/2025\/12\/IMG_1733-150x225.jpg 150w, https:\/\/itsduacosmetics.com\/wp-content\/uploads\/2025\/12\/IMG_1733-scaled.jpg 1707w\" sizes=\"(max-width: 200px) 100vw, 200px\" \/><img decoding=\"async\" class=\"alignnone size-medium wp-image-16911\" src=\"https:\/\/itsduacosmetics.com\/wp-content\/uploads\/2025\/12\/IMG_1859-200x300.jpg\" alt=\"\" width=\"200\" height=\"300\" srcset=\"https:\/\/itsduacosmetics.com\/wp-content\/uploads\/2025\/12\/IMG_1859-200x300.jpg 200w, https:\/\/itsduacosmetics.com\/wp-content\/uploads\/2025\/12\/IMG_1859-683x1024.jpg 683w, https:\/\/itsduacosmetics.com\/wp-content\/uploads\/2025\/12\/IMG_1859-768x1152.jpg 768w, https:\/\/itsduacosmetics.com\/wp-content\/uploads\/2025\/12\/IMG_1859-1024x1536.jpg 1024w, https:\/\/itsduacosmetics.com\/wp-content\/uploads\/2025\/12\/IMG_1859-1365x2048.jpg 1365w, https:\/\/itsduacosmetics.com\/wp-content\/uploads\/2025\/12\/IMG_1859-8x12.jpg 8w, https:\/\/itsduacosmetics.com\/wp-content\/uploads\/2025\/12\/IMG_1859-1200x1800.jpg 1200w, https:\/\/itsduacosmetics.com\/wp-content\/uploads\/2025\/12\/IMG_1859-150x225.jpg 150w, https:\/\/itsduacosmetics.com\/wp-content\/uploads\/2025\/12\/IMG_1859-scaled.jpg 1707w\" sizes=\"(max-width: 200px) 100vw, 200px\" \/><img decoding=\"async\" class=\"alignnone size-medium wp-image-16866\" src=\"https:\/\/itsduacosmetics.com\/wp-content\/uploads\/2025\/12\/photo_2025-12-16_13-04-25-200x300.jpg\" alt=\"\" width=\"200\" height=\"300\" srcset=\"https:\/\/itsduacosmetics.com\/wp-content\/uploads\/2025\/12\/photo_2025-12-16_13-04-25-200x300.jpg 200w, https:\/\/itsduacosmetics.com\/wp-content\/uploads\/2025\/12\/photo_2025-12-16_13-04-25-683x1024.jpg 683w, https:\/\/itsduacosmetics.com\/wp-content\/uploads\/2025\/12\/photo_2025-12-16_13-04-25-768x1152.jpg 768w, https:\/\/itsduacosmetics.com\/wp-content\/uploads\/2025\/12\/photo_2025-12-16_13-04-25-8x12.jpg 8w, https:\/\/itsduacosmetics.com\/wp-content\/uploads\/2025\/12\/photo_2025-12-16_13-04-25-150x225.jpg 150w, https:\/\/itsduacosmetics.com\/wp-content\/uploads\/2025\/12\/photo_2025-12-16_13-04-25.jpg 832w\" sizes=\"(max-width: 200px) 100vw, 200px\" \/><\/p>","protected":false},"excerpt":{"rendered":"<p>Alev<\/p>\n<p>Lip Gloss \u2013 Shade 18<br \/>\nGlossy Copper<br \/>\nVolume: 5 ml<\/p>\n<p><img fetchpriority=\"high\" decoding=\"async\" class=\"alignnone size-medium wp-image-16910\" src=\"https:\/\/itsduacosmetics.com\/wp-content\/uploads\/2025\/12\/IMG_1733-200x300.jpg\" alt=\"\" width=\"200\" height=\"300\" srcset=\"https:\/\/itsduacosmetics.com\/wp-content\/uploads\/2025\/12\/IMG_1733-200x300.jpg 200w, https:\/\/itsduacosmetics.com\/wp-content\/uploads\/2025\/12\/IMG_1733-683x1024.jpg 683w, https:\/\/itsduacosmetics.com\/wp-content\/uploads\/2025\/12\/IMG_1733-768x1152.jpg 768w, https:\/\/itsduacosmetics.com\/wp-content\/uploads\/2025\/12\/IMG_1733-1024x1536.jpg 1024w, https:\/\/itsduacosmetics.com\/wp-content\/uploads\/2025\/12\/IMG_1733-1365x2048.jpg 1365w, https:\/\/itsduacosmetics.com\/wp-content\/uploads\/2025\/12\/IMG_1733-8x12.jpg 8w, https:\/\/itsduacosmetics.com\/wp-content\/uploads\/2025\/12\/IMG_1733-1200x1800.jpg 1200w, https:\/\/itsduacosmetics.com\/wp-content\/uploads\/2025\/12\/IMG_1733-150x225.jpg 150w, https:\/\/itsduacosmetics.com\/wp-content\/uploads\/2025\/12\/IMG_1733-scaled.jpg 1707w\" sizes=\"(max-width: 200px) 100vw, 200px\" \/><img loading=\"lazy\" decoding=\"async\" class=\"alignnone size-medium wp-image-16912\" src=\"https:\/\/itsduacosmetics.com\/wp-content\/uploads\/2025\/12\/IMG_1730-2-200x300.jpg\" alt=\"\" width=\"200\" height=\"300\" srcset=\"https:\/\/itsduacosmetics.com\/wp-content\/uploads\/2025\/12\/IMG_1730-2-200x300.jpg 200w, https:\/\/itsduacosmetics.com\/wp-content\/uploads\/2025\/12\/IMG_1730-2-683x1024.jpg 683w, https:\/\/itsduacosmetics.com\/wp-content\/uploads\/2025\/12\/IMG_1730-2-768x1152.jpg 768w, https:\/\/itsduacosmetics.com\/wp-content\/uploads\/2025\/12\/IMG_1730-2-1024x1536.jpg 1024w, https:\/\/itsduacosmetics.com\/wp-content\/uploads\/2025\/12\/IMG_1730-2-1365x2048.jpg 1365w, https:\/\/itsduacosmetics.com\/wp-content\/uploads\/2025\/12\/IMG_1730-2-8x12.jpg 8w, https:\/\/itsduacosmetics.com\/wp-content\/uploads\/2025\/12\/IMG_1730-2-1200x1800.jpg 1200w, https:\/\/itsduacosmetics.com\/wp-content\/uploads\/2025\/12\/IMG_1730-2-150x225.jpg 150w, https:\/\/itsduacosmetics.com\/wp-content\/uploads\/2025\/12\/IMG_1730-2-scaled.jpg 1707w\" sizes=\"(max-width: 200px) 100vw, 200px\" \/><img decoding=\"async\" class=\"alignnone size-medium wp-image-16911\" src=\"https:\/\/itsduacosmetics.com\/wp-content\/uploads\/2025\/12\/IMG_1859-200x300.jpg\" alt=\"\" width=\"200\" height=\"300\" srcset=\"https:\/\/itsduacosmetics.com\/wp-content\/uploads\/2025\/12\/IMG_1859-200x300.jpg 200w, https:\/\/itsduacosmetics.com\/wp-content\/uploads\/2025\/12\/IMG_1859-683x1024.jpg 683w, https:\/\/itsduacosmetics.com\/wp-content\/uploads\/2025\/12\/IMG_1859-768x1152.jpg 768w, https:\/\/itsduacosmetics.com\/wp-content\/uploads\/2025\/12\/IMG_1859-1024x1536.jpg 1024w, https:\/\/itsduacosmetics.com\/wp-content\/uploads\/2025\/12\/IMG_1859-1365x2048.jpg 1365w, https:\/\/itsduacosmetics.com\/wp-content\/uploads\/2025\/12\/IMG_1859-8x12.jpg 8w, https:\/\/itsduacosmetics.com\/wp-content\/uploads\/2025\/12\/IMG_1859-1200x1800.jpg 1200w, https:\/\/itsduacosmetics.com\/wp-content\/uploads\/2025\/12\/IMG_1859-150x225.jpg 150w, https:\/\/itsduacosmetics.com\/wp-content\/uploads\/2025\/12\/IMG_1859-scaled.jpg 1707w\" sizes=\"(max-width: 200px) 100vw, 200px\" \/><img decoding=\"async\" class=\"alignnone size-medium wp-image-16866\" src=\"https:\/\/itsduacosmetics.com\/wp-content\/uploads\/2025\/12\/photo_2025-12-16_13-04-25-200x300.jpg\" alt=\"\" width=\"200\" height=\"300\" srcset=\"https:\/\/itsduacosmetics.com\/wp-content\/uploads\/2025\/12\/photo_2025-12-16_13-04-25-200x300.jpg 200w, https:\/\/itsduacosmetics.com\/wp-content\/uploads\/2025\/12\/photo_2025-12-16_13-04-25-683x1024.jpg 683w, https:\/\/itsduacosmetics.com\/wp-content\/uploads\/2025\/12\/photo_2025-12-16_13-04-25-768x1152.jpg 768w, https:\/\/itsduacosmetics.com\/wp-content\/uploads\/2025\/12\/photo_2025-12-16_13-04-25-8x12.jpg 8w, https:\/\/itsduacosmetics.com\/wp-content\/uploads\/2025\/12\/photo_2025-12-16_13-04-25-150x225.jpg 150w, https:\/\/itsduacosmetics.com\/wp-content\/uploads\/2025\/12\/photo_2025-12-16_13-04-25.jpg 832w\" sizes=\"(max-width: 200px) 100vw, 200px\" \/><img loading=\"lazy\" decoding=\"async\" class=\"alignnone size-medium wp-image-16869\" src=\"https:\/\/itsduacosmetics.com\/wp-content\/uploads\/2025\/12\/IMG125\u0640-200x300.png\" alt=\"\" width=\"200\" height=\"300\" srcset=\"https:\/\/itsduacosmetics.com\/wp-content\/uploads\/2025\/12\/IMG125\u0640-200x300.png 200w, https:\/\/itsduacosmetics.com\/wp-content\/uploads\/2025\/12\/IMG125\u0640-683x1024.png 683w, https:\/\/itsduacosmetics.com\/wp-content\/uploads\/2025\/12\/IMG125\u0640-768x1152.png 768w, https:\/\/itsduacosmetics.com\/wp-content\/uploads\/2025\/12\/IMG125\u0640.png 1664w\" sizes=\"(max-width: 200px) 100vw, 200px\" \/><\/p>","protected":false},"featured_media":16910,"comment_status":"open","ping_status":"closed","template":"","meta":[],"product_brand":[128],"product_cat":[135],"product_tag":[],"class_list":{"0":"post-16909","1":"product","2":"type-product","3":"status-publish","4":"has-post-thumbnail","6":"product_brand-dua","7":"product_cat-big-brush-head-lip-gloss","9":"first","10":"instock","11":"sale","12":"shipping-taxable","13":"purchasable","14":"product-type-simple"},"yoast_head":"<!-- This site is optimized with the Yoast SEO plugin v26.5 - https:\/\/yoast.com\/wordpress\/plugins\/seo\/ -->\n<title>Alev - DUA<\/title>\n<meta name=\"description\" content=\"Alev Lip Gloss \u2013 Shade 18 Glossy Copper Volume: 5 ml\" \/>\n<meta name=\"robots\" content=\"index, follow, max-snippet:-1, max-image-preview:large, max-video-preview:-1\" \/>\n<link rel=\"canonical\" href=\"https:\/\/itsduacosmetics.com\/tr\/urun\/alev\/\" \/>\n<meta property=\"og:locale\" content=\"tr_TR\" \/>\n<meta property=\"og:type\" content=\"article\" \/>\n<meta property=\"og:title\" content=\"Alev - DUA\" \/>\n<meta property=\"og:description\" content=\"Alev Lip Gloss \u2013 Shade 18 Glossy Copper Volume: 5 ml\" \/>\n<meta property=\"og:url\" content=\"https:\/\/itsduacosmetics.com\/tr\/urun\/alev\/\" \/>\n<meta property=\"og:site_name\" content=\"DUA\" \/>\n<meta property=\"article:modified_time\" content=\"2026-02-05T04:13:15+00:00\" \/>\n<meta property=\"og:image\" content=\"https:\/\/itsduacosmetics.com\/wp-content\/uploads\/2025\/12\/IMG_1733-scaled.jpg\" \/>\n\t<meta property=\"og:image:width\" content=\"1707\" \/>\n\t<meta property=\"og:image:height\" content=\"2560\" \/>\n\t<meta property=\"og:image:type\" content=\"image\/jpeg\" \/>\n<meta name=\"twitter:card\" content=\"summary_large_image\" \/>\n<meta name=\"twitter:label1\" content=\"Tahmini okuma s\u00fcresi\" \/>\n\t<meta name=\"twitter:data1\" content=\"2 dakika\" \/>\n<script type=\"application\/ld+json\" class=\"yoast-schema-graph\">{\"@context\":\"https:\/\/schema.org\",\"@graph\":[{\"@type\":\"WebPage\",\"@id\":\"https:\/\/itsduacosmetics.com\/product\/alev\/\",\"url\":\"https:\/\/itsduacosmetics.com\/product\/alev\/\",\"name\":\"Alev - DUA\",\"isPartOf\":{\"@id\":\"https:\/\/itsduacosmetics.com\/#website\"},\"primaryImageOfPage\":{\"@id\":\"https:\/\/itsduacosmetics.com\/product\/alev\/#primaryimage\"},\"image\":{\"@id\":\"https:\/\/itsduacosmetics.com\/product\/alev\/#primaryimage\"},\"thumbnailUrl\":\"https:\/\/itsduacosmetics.com\/wp-content\/uploads\/2025\/12\/IMG_1733-scaled.jpg\",\"datePublished\":\"2025-12-16T14:08:54+00:00\",\"dateModified\":\"2026-02-05T04:13:15+00:00\",\"description\":\"Alev Lip Gloss \u2013 Shade 18 Glossy Copper Volume: 5 ml\",\"breadcrumb\":{\"@id\":\"https:\/\/itsduacosmetics.com\/product\/alev\/#breadcrumb\"},\"inLanguage\":\"tr\",\"potentialAction\":[{\"@type\":\"ReadAction\",\"target\":[\"https:\/\/itsduacosmetics.com\/product\/alev\/\"]}]},{\"@type\":\"ImageObject\",\"inLanguage\":\"tr\",\"@id\":\"https:\/\/itsduacosmetics.com\/product\/alev\/#primaryimage\",\"url\":\"https:\/\/itsduacosmetics.com\/wp-content\/uploads\/2025\/12\/IMG_1733-scaled.jpg\",\"contentUrl\":\"https:\/\/itsduacosmetics.com\/wp-content\/uploads\/2025\/12\/IMG_1733-scaled.jpg\",\"width\":1707,\"height\":2560},{\"@type\":\"BreadcrumbList\",\"@id\":\"https:\/\/itsduacosmetics.com\/product\/alev\/#breadcrumb\",\"itemListElement\":[{\"@type\":\"ListItem\",\"position\":1,\"name\":\"\u0627\u0644\u0631\u0626\u064a\u0633\u064a\u0629\",\"item\":\"https:\/\/itsduacosmetics.com\/en\/\"},{\"@type\":\"ListItem\",\"position\":2,\"name\":\"Shop\",\"item\":\"https:\/\/itsduacosmetics.com\/shop\/\"},{\"@type\":\"ListItem\",\"position\":3,\"name\":\"Alev\"}]},{\"@type\":\"WebSite\",\"@id\":\"https:\/\/itsduacosmetics.com\/#website\",\"url\":\"https:\/\/itsduacosmetics.com\/\",\"name\":\"DUA\",\"description\":\"Dua is a modern beauty and wellness store dedicated to bringing you high-quality products that support your daily self-care. We carefully select every item to ensure real results, trusted formulas, and a smooth shopping experience from start to finish. At Dua, we believe that self-care is not a luxury \u2014 it\u2019s essential. Our mission is to help you feel confident, healthy, and empowered every day through products that make a difference.\",\"potentialAction\":[{\"@type\":\"SearchAction\",\"target\":{\"@type\":\"EntryPoint\",\"urlTemplate\":\"https:\/\/itsduacosmetics.com\/?s={search_term_string}\"},\"query-input\":{\"@type\":\"PropertyValueSpecification\",\"valueRequired\":true,\"valueName\":\"search_term_string\"}}],\"inLanguage\":\"tr\"}]}<\/script>\n<!-- \/ Yoast SEO plugin. -->","yoast_head_json":{"title":"Alev - DUA","description":"Alev Lip Gloss \u2013 Shade 18 Glossy Copper Volume: 5 ml","robots":{"index":"index","follow":"follow","max-snippet":"max-snippet:-1","max-image-preview":"max-image-preview:large","max-video-preview":"max-video-preview:-1"},"canonical":"https:\/\/itsduacosmetics.com\/tr\/urun\/alev\/","og_locale":"tr_TR","og_type":"article","og_title":"Alev - DUA","og_description":"Alev Lip Gloss \u2013 Shade 18 Glossy Copper Volume: 5 ml","og_url":"https:\/\/itsduacosmetics.com\/tr\/urun\/alev\/","og_site_name":"DUA","article_modified_time":"2026-02-05T04:13:15+00:00","og_image":[{"width":1707,"height":2560,"url":"https:\/\/itsduacosmetics.com\/wp-content\/uploads\/2025\/12\/IMG_1733-scaled.jpg","type":"image\/jpeg"}],"twitter_card":"summary_large_image","twitter_misc":{"Tahmini okuma s\u00fcresi":"2 dakika"},"schema":{"@context":"https:\/\/schema.org","@graph":[{"@type":"WebPage","@id":"https:\/\/itsduacosmetics.com\/product\/alev\/","url":"https:\/\/itsduacosmetics.com\/product\/alev\/","name":"Alev - DUA","isPartOf":{"@id":"https:\/\/itsduacosmetics.com\/#website"},"primaryImageOfPage":{"@id":"https:\/\/itsduacosmetics.com\/product\/alev\/#primaryimage"},"image":{"@id":"https:\/\/itsduacosmetics.com\/product\/alev\/#primaryimage"},"thumbnailUrl":"https:\/\/itsduacosmetics.com\/wp-content\/uploads\/2025\/12\/IMG_1733-scaled.jpg","datePublished":"2025-12-16T14:08:54+00:00","dateModified":"2026-02-05T04:13:15+00:00","description":"Alev Lip Gloss \u2013 Shade 18 Glossy Copper Volume: 5 ml","breadcrumb":{"@id":"https:\/\/itsduacosmetics.com\/product\/alev\/#breadcrumb"},"inLanguage":"tr","potentialAction":[{"@type":"ReadAction","target":["https:\/\/itsduacosmetics.com\/product\/alev\/"]}]},{"@type":"ImageObject","inLanguage":"tr","@id":"https:\/\/itsduacosmetics.com\/product\/alev\/#primaryimage","url":"https:\/\/itsduacosmetics.com\/wp-content\/uploads\/2025\/12\/IMG_1733-scaled.jpg","contentUrl":"https:\/\/itsduacosmetics.com\/wp-content\/uploads\/2025\/12\/IMG_1733-scaled.jpg","width":1707,"height":2560},{"@type":"BreadcrumbList","@id":"https:\/\/itsduacosmetics.com\/product\/alev\/#breadcrumb","itemListElement":[{"@type":"ListItem","position":1,"name":"\u0627\u0644\u0631\u0626\u064a\u0633\u064a\u0629","item":"https:\/\/itsduacosmetics.com\/en\/"},{"@type":"ListItem","position":2,"name":"Shop","item":"https:\/\/itsduacosmetics.com\/shop\/"},{"@type":"ListItem","position":3,"name":"Alev"}]},{"@type":"WebSite","@id":"https:\/\/itsduacosmetics.com\/#website","url":"https:\/\/itsduacosmetics.com\/","name":"DUA","description":"Dua, g\u00fcnl\u00fck ki\u015fisel bak\u0131m\u0131n\u0131z\u0131 destekleyen y\u00fcksek kaliteli \u00fcr\u00fcnler sunmaya adanm\u0131\u015f modern bir g\u00fczellik ve sa\u011fl\u0131k ma\u011fazas\u0131d\u0131r. Ger\u00e7ek sonu\u00e7lar, g\u00fcvenilir form\u00fcller ve ba\u015ftan sona sorunsuz bir al\u0131\u015fveri\u015f deneyimi sa\u011flamak i\u00e7in her \u00fcr\u00fcn\u00fc \u00f6zenle se\u00e7iyoruz. Dua'da, ki\u015fisel bak\u0131m\u0131n bir l\u00fcks de\u011fil, bir gereklilik oldu\u011funa inan\u0131yoruz. Misyonumuz, fark yaratan \u00fcr\u00fcnlerle her g\u00fcn kendinizi g\u00fcvende, sa\u011fl\u0131kl\u0131 ve g\u00fc\u00e7l\u00fc hissetmenize yard\u0131mc\u0131 olmakt\u0131r.","potentialAction":[{"@type":"SearchAction","target":{"@type":"EntryPoint","urlTemplate":"https:\/\/itsduacosmetics.com\/?s={search_term_string}"},"query-input":{"@type":"PropertyValueSpecification","valueRequired":true,"valueName":"search_term_string"}}],"inLanguage":"tr"}]}},"_links":{"self":[{"href":"https:\/\/itsduacosmetics.com\/tr\/wp-json\/wp\/v2\/product\/16909","targetHints":{"allow":["GET"]}}],"collection":[{"href":"https:\/\/itsduacosmetics.com\/tr\/wp-json\/wp\/v2\/product"}],"about":[{"href":"https:\/\/itsduacosmetics.com\/tr\/wp-json\/wp\/v2\/types\/product"}],"replies":[{"embeddable":true,"href":"https:\/\/itsduacosmetics.com\/tr\/wp-json\/wp\/v2\/comments?post=16909"}],"version-history":[{"count":1,"href":"https:\/\/itsduacosmetics.com\/tr\/wp-json\/wp\/v2\/product\/16909\/revisions"}],"predecessor-version":[{"id":16914,"href":"https:\/\/itsduacosmetics.com\/tr\/wp-json\/wp\/v2\/product\/16909\/revisions\/16914"}],"wp:featuredmedia":[{"embeddable":true,"href":"https:\/\/itsduacosmetics.com\/tr\/wp-json\/wp\/v2\/media\/16910"}],"wp:attachment":[{"href":"https:\/\/itsduacosmetics.com\/tr\/wp-json\/wp\/v2\/media?parent=16909"}],"wp:term":[{"taxonomy":"product_brand","embeddable":true,"href":"https:\/\/itsduacosmetics.com\/tr\/wp-json\/wp\/v2\/product_brand?post=16909"},{"taxonomy":"product_cat","embeddable":true,"href":"https:\/\/itsduacosmetics.com\/tr\/wp-json\/wp\/v2\/product_cat?post=16909"},{"taxonomy":"product_tag","embeddable":true,"href":"https:\/\/itsduacosmetics.com\/tr\/wp-json\/wp\/v2\/product_tag?post=16909"}],"curies":[{"name":"wp","href":"https:\/\/api.w.org\/{rel}","templated":true}]}}