{"id":16780,"date":"2025-12-16T09:12:45","date_gmt":"2025-12-16T07:12:45","guid":{"rendered":"https:\/\/itsduacosmetics.com\/?post_type=product&#038;p=16780"},"modified":"2026-01-31T19:54:58","modified_gmt":"2026-01-31T17:54:58","slug":"glow-juice","status":"publish","type":"product","link":"https:\/\/itsduacosmetics.com\/tr\/urun\/glow-juice\/","title":{"rendered":"GLOW JUICE"},"content":{"rendered":"<p>GLOW JUICE<\/p>\n<p>Glossy Lip Oil \u2013 Shade 04<br \/>\nTransparent<br \/>\nVolume: 7 ml<\/p>\n<p>A transparent glossy lip oil that delivers glass-like shine and long-lasting hydration.<br \/>\nIdeal for wearing alone or layered over any lip color.<br \/>\nHydrating \u2022 Plumping \u2022 Shiny \u2022 Natural<br \/>\nEnriched with natural oils<\/p>\n<p>Fragrance: Warm coffee-inspired scent<\/p>\n<p><img fetchpriority=\"high\" decoding=\"async\" class=\"alignnone size-medium wp-image-16781\" src=\"https:\/\/itsduacosmetics.com\/wp-content\/uploads\/2025\/12\/IMG_1691-200x300.jpg\" alt=\"\" width=\"200\" height=\"300\" srcset=\"https:\/\/itsduacosmetics.com\/wp-content\/uploads\/2025\/12\/IMG_1691-200x300.jpg 200w, https:\/\/itsduacosmetics.com\/wp-content\/uploads\/2025\/12\/IMG_1691-683x1024.jpg 683w, https:\/\/itsduacosmetics.com\/wp-content\/uploads\/2025\/12\/IMG_1691-768x1152.jpg 768w, https:\/\/itsduacosmetics.com\/wp-content\/uploads\/2025\/12\/IMG_1691-1024x1536.jpg 1024w, https:\/\/itsduacosmetics.com\/wp-content\/uploads\/2025\/12\/IMG_1691-1365x2048.jpg 1365w, https:\/\/itsduacosmetics.com\/wp-content\/uploads\/2025\/12\/IMG_1691-8x12.jpg 8w, https:\/\/itsduacosmetics.com\/wp-content\/uploads\/2025\/12\/IMG_1691-1200x1800.jpg 1200w, https:\/\/itsduacosmetics.com\/wp-content\/uploads\/2025\/12\/IMG_1691-150x225.jpg 150w, https:\/\/itsduacosmetics.com\/wp-content\/uploads\/2025\/12\/IMG_1691-scaled.jpg 1707w\" sizes=\"(max-width: 200px) 100vw, 200px\" \/><img decoding=\"async\" class=\"alignnone size-medium wp-image-16783\" src=\"https:\/\/itsduacosmetics.com\/wp-content\/uploads\/2025\/12\/IMG_1912-200x300.jpg\" alt=\"\" width=\"200\" height=\"300\" srcset=\"https:\/\/itsduacosmetics.com\/wp-content\/uploads\/2025\/12\/IMG_1912-200x300.jpg 200w, https:\/\/itsduacosmetics.com\/wp-content\/uploads\/2025\/12\/IMG_1912-683x1024.jpg 683w, https:\/\/itsduacosmetics.com\/wp-content\/uploads\/2025\/12\/IMG_1912-768x1152.jpg 768w, https:\/\/itsduacosmetics.com\/wp-content\/uploads\/2025\/12\/IMG_1912-1024x1536.jpg 1024w, https:\/\/itsduacosmetics.com\/wp-content\/uploads\/2025\/12\/IMG_1912-1365x2048.jpg 1365w, https:\/\/itsduacosmetics.com\/wp-content\/uploads\/2025\/12\/IMG_1912-8x12.jpg 8w, https:\/\/itsduacosmetics.com\/wp-content\/uploads\/2025\/12\/IMG_1912-1200x1800.jpg 1200w, https:\/\/itsduacosmetics.com\/wp-content\/uploads\/2025\/12\/IMG_1912-150x225.jpg 150w, https:\/\/itsduacosmetics.com\/wp-content\/uploads\/2025\/12\/IMG_1912-scaled.jpg 1707w\" sizes=\"(max-width: 200px) 100vw, 200px\" \/><img decoding=\"async\" class=\"alignnone size-medium wp-image-16711\" src=\"https:\/\/itsduacosmetics.com\/wp-content\/uploads\/2025\/12\/IMG_1590.jpg1_-200x300.jpg\" alt=\"\" width=\"200\" height=\"300\" srcset=\"https:\/\/itsduacosmetics.com\/wp-content\/uploads\/2025\/12\/IMG_1590.jpg1_-200x300.jpg 200w, https:\/\/itsduacosmetics.com\/wp-content\/uploads\/2025\/12\/IMG_1590.jpg1_-scaled-150x225.jpg 150w, https:\/\/itsduacosmetics.com\/wp-content\/uploads\/2025\/12\/IMG_1590.jpg1_-scaled-1200x1800.jpg 1200w, https:\/\/itsduacosmetics.com\/wp-content\/uploads\/2025\/12\/IMG_1590.jpg1_-683x1024.jpg 683w, https:\/\/itsduacosmetics.com\/wp-content\/uploads\/2025\/12\/IMG_1590.jpg1_-768x1152.jpg 768w, https:\/\/itsduacosmetics.com\/wp-content\/uploads\/2025\/12\/IMG_1590.jpg1_-1024x1536.jpg 1024w, https:\/\/itsduacosmetics.com\/wp-content\/uploads\/2025\/12\/IMG_1590.jpg1_-1365x2048.jpg 1365w, https:\/\/itsduacosmetics.com\/wp-content\/uploads\/2025\/12\/IMG_1590.jpg1_-8x12.jpg 8w, https:\/\/itsduacosmetics.com\/wp-content\/uploads\/2025\/12\/IMG_1590.jpg1_-scaled.jpg 1707w\" sizes=\"(max-width: 200px) 100vw, 200px\" \/><\/p>","protected":false},"excerpt":{"rendered":"<p>GLOW JUICE<\/p>\n<p>Glossy Lip Oil \u2013 Shade 04<br \/>\nTransparent<br \/>\nVolume: 7 m<\/p>\n<p><img fetchpriority=\"high\" decoding=\"async\" class=\"alignnone size-medium wp-image-16781\" src=\"https:\/\/itsduacosmetics.com\/wp-content\/uploads\/2025\/12\/IMG_1691-200x300.jpg\" alt=\"\" width=\"200\" height=\"300\" srcset=\"https:\/\/itsduacosmetics.com\/wp-content\/uploads\/2025\/12\/IMG_1691-200x300.jpg 200w, https:\/\/itsduacosmetics.com\/wp-content\/uploads\/2025\/12\/IMG_1691-683x1024.jpg 683w, https:\/\/itsduacosmetics.com\/wp-content\/uploads\/2025\/12\/IMG_1691-768x1152.jpg 768w, https:\/\/itsduacosmetics.com\/wp-content\/uploads\/2025\/12\/IMG_1691-1024x1536.jpg 1024w, https:\/\/itsduacosmetics.com\/wp-content\/uploads\/2025\/12\/IMG_1691-1365x2048.jpg 1365w, https:\/\/itsduacosmetics.com\/wp-content\/uploads\/2025\/12\/IMG_1691-8x12.jpg 8w, https:\/\/itsduacosmetics.com\/wp-content\/uploads\/2025\/12\/IMG_1691-1200x1800.jpg 1200w, https:\/\/itsduacosmetics.com\/wp-content\/uploads\/2025\/12\/IMG_1691-150x225.jpg 150w, https:\/\/itsduacosmetics.com\/wp-content\/uploads\/2025\/12\/IMG_1691-scaled.jpg 1707w\" sizes=\"(max-width: 200px) 100vw, 200px\" \/><img loading=\"lazy\" decoding=\"async\" class=\"alignnone size-medium wp-image-16782\" src=\"https:\/\/itsduacosmetics.com\/wp-content\/uploads\/2025\/12\/IMG_1688-200x300.jpg\" alt=\"\" width=\"200\" height=\"300\" srcset=\"https:\/\/itsduacosmetics.com\/wp-content\/uploads\/2025\/12\/IMG_1688-200x300.jpg 200w, https:\/\/itsduacosmetics.com\/wp-content\/uploads\/2025\/12\/IMG_1688-683x1024.jpg 683w, https:\/\/itsduacosmetics.com\/wp-content\/uploads\/2025\/12\/IMG_1688-768x1152.jpg 768w, https:\/\/itsduacosmetics.com\/wp-content\/uploads\/2025\/12\/IMG_1688-1024x1536.jpg 1024w, https:\/\/itsduacosmetics.com\/wp-content\/uploads\/2025\/12\/IMG_1688-1365x2048.jpg 1365w, https:\/\/itsduacosmetics.com\/wp-content\/uploads\/2025\/12\/IMG_1688-8x12.jpg 8w, https:\/\/itsduacosmetics.com\/wp-content\/uploads\/2025\/12\/IMG_1688-1200x1800.jpg 1200w, https:\/\/itsduacosmetics.com\/wp-content\/uploads\/2025\/12\/IMG_1688-150x225.jpg 150w, https:\/\/itsduacosmetics.com\/wp-content\/uploads\/2025\/12\/IMG_1688-scaled.jpg 1707w\" sizes=\"(max-width: 200px) 100vw, 200px\" \/><img decoding=\"async\" class=\"alignnone size-medium wp-image-16783\" src=\"https:\/\/itsduacosmetics.com\/wp-content\/uploads\/2025\/12\/IMG_1912-200x300.jpg\" alt=\"\" width=\"200\" height=\"300\" srcset=\"https:\/\/itsduacosmetics.com\/wp-content\/uploads\/2025\/12\/IMG_1912-200x300.jpg 200w, https:\/\/itsduacosmetics.com\/wp-content\/uploads\/2025\/12\/IMG_1912-683x1024.jpg 683w, https:\/\/itsduacosmetics.com\/wp-content\/uploads\/2025\/12\/IMG_1912-768x1152.jpg 768w, https:\/\/itsduacosmetics.com\/wp-content\/uploads\/2025\/12\/IMG_1912-1024x1536.jpg 1024w, https:\/\/itsduacosmetics.com\/wp-content\/uploads\/2025\/12\/IMG_1912-1365x2048.jpg 1365w, https:\/\/itsduacosmetics.com\/wp-content\/uploads\/2025\/12\/IMG_1912-8x12.jpg 8w, https:\/\/itsduacosmetics.com\/wp-content\/uploads\/2025\/12\/IMG_1912-1200x1800.jpg 1200w, https:\/\/itsduacosmetics.com\/wp-content\/uploads\/2025\/12\/IMG_1912-150x225.jpg 150w, https:\/\/itsduacosmetics.com\/wp-content\/uploads\/2025\/12\/IMG_1912-scaled.jpg 1707w\" sizes=\"(max-width: 200px) 100vw, 200px\" \/><img decoding=\"async\" class=\"alignnone size-medium wp-image-16711\" src=\"https:\/\/itsduacosmetics.com\/wp-content\/uploads\/2025\/12\/IMG_1590.jpg1_-200x300.jpg\" alt=\"\" width=\"200\" height=\"300\" srcset=\"https:\/\/itsduacosmetics.com\/wp-content\/uploads\/2025\/12\/IMG_1590.jpg1_-200x300.jpg 200w, https:\/\/itsduacosmetics.com\/wp-content\/uploads\/2025\/12\/IMG_1590.jpg1_-scaled-150x225.jpg 150w, https:\/\/itsduacosmetics.com\/wp-content\/uploads\/2025\/12\/IMG_1590.jpg1_-scaled-1200x1800.jpg 1200w, https:\/\/itsduacosmetics.com\/wp-content\/uploads\/2025\/12\/IMG_1590.jpg1_-683x1024.jpg 683w, https:\/\/itsduacosmetics.com\/wp-content\/uploads\/2025\/12\/IMG_1590.jpg1_-768x1152.jpg 768w, https:\/\/itsduacosmetics.com\/wp-content\/uploads\/2025\/12\/IMG_1590.jpg1_-1024x1536.jpg 1024w, https:\/\/itsduacosmetics.com\/wp-content\/uploads\/2025\/12\/IMG_1590.jpg1_-1365x2048.jpg 1365w, https:\/\/itsduacosmetics.com\/wp-content\/uploads\/2025\/12\/IMG_1590.jpg1_-8x12.jpg 8w, https:\/\/itsduacosmetics.com\/wp-content\/uploads\/2025\/12\/IMG_1590.jpg1_-scaled.jpg 1707w\" sizes=\"(max-width: 200px) 100vw, 200px\" \/><\/p>","protected":false},"featured_media":16781,"comment_status":"open","ping_status":"closed","template":"","meta":[],"product_brand":[128],"product_cat":[130],"product_tag":[],"class_list":{"0":"post-16780","1":"product","2":"type-product","3":"status-publish","4":"has-post-thumbnail","6":"product_brand-dua","7":"product_cat-glossy-lip-oil-glossy-lip-oil","9":"first","10":"instock","11":"sale","12":"shipping-taxable","13":"purchasable","14":"product-type-simple"},"yoast_head":"<!-- This site is optimized with the Yoast SEO plugin v26.5 - https:\/\/yoast.com\/wordpress\/plugins\/seo\/ -->\n<title>GLOW JUICE - DUA<\/title>\n<meta name=\"description\" content=\"GLOW JUICE Glossy Lip Oil \u2013 Shade 04 Transparent Volume: 7 m\" \/>\n<meta name=\"robots\" content=\"index, follow, max-snippet:-1, max-image-preview:large, max-video-preview:-1\" \/>\n<link rel=\"canonical\" href=\"https:\/\/itsduacosmetics.com\/tr\/urun\/glow-juice\/\" \/>\n<meta property=\"og:locale\" content=\"tr_TR\" \/>\n<meta property=\"og:type\" content=\"article\" \/>\n<meta property=\"og:title\" content=\"GLOW JUICE - DUA\" \/>\n<meta property=\"og:description\" content=\"GLOW JUICE Glossy Lip Oil \u2013 Shade 04 Transparent Volume: 7 m\" \/>\n<meta property=\"og:url\" content=\"https:\/\/itsduacosmetics.com\/tr\/urun\/glow-juice\/\" \/>\n<meta property=\"og:site_name\" content=\"DUA\" \/>\n<meta property=\"article:modified_time\" content=\"2026-01-31T17:54:58+00:00\" \/>\n<meta property=\"og:image\" content=\"https:\/\/itsduacosmetics.com\/wp-content\/uploads\/2025\/12\/IMG_1691-scaled.jpg\" \/>\n\t<meta property=\"og:image:width\" content=\"1707\" \/>\n\t<meta property=\"og:image:height\" content=\"2560\" \/>\n\t<meta property=\"og:image:type\" content=\"image\/jpeg\" \/>\n<meta name=\"twitter:card\" content=\"summary_large_image\" \/>\n<meta name=\"twitter:label1\" content=\"Tahmini okuma s\u00fcresi\" \/>\n\t<meta name=\"twitter:data1\" content=\"2 dakika\" \/>\n<script type=\"application\/ld+json\" class=\"yoast-schema-graph\">{\"@context\":\"https:\/\/schema.org\",\"@graph\":[{\"@type\":\"WebPage\",\"@id\":\"https:\/\/itsduacosmetics.com\/product\/glow-juice\/\",\"url\":\"https:\/\/itsduacosmetics.com\/product\/glow-juice\/\",\"name\":\"GLOW JUICE - DUA\",\"isPartOf\":{\"@id\":\"https:\/\/itsduacosmetics.com\/#website\"},\"primaryImageOfPage\":{\"@id\":\"https:\/\/itsduacosmetics.com\/product\/glow-juice\/#primaryimage\"},\"image\":{\"@id\":\"https:\/\/itsduacosmetics.com\/product\/glow-juice\/#primaryimage\"},\"thumbnailUrl\":\"https:\/\/itsduacosmetics.com\/wp-content\/uploads\/2025\/12\/IMG_1691-scaled.jpg\",\"datePublished\":\"2025-12-16T07:12:45+00:00\",\"dateModified\":\"2026-01-31T17:54:58+00:00\",\"description\":\"GLOW JUICE Glossy Lip Oil \u2013 Shade 04 Transparent Volume: 7 m\",\"breadcrumb\":{\"@id\":\"https:\/\/itsduacosmetics.com\/product\/glow-juice\/#breadcrumb\"},\"inLanguage\":\"tr\",\"potentialAction\":[{\"@type\":\"ReadAction\",\"target\":[\"https:\/\/itsduacosmetics.com\/product\/glow-juice\/\"]}]},{\"@type\":\"ImageObject\",\"inLanguage\":\"tr\",\"@id\":\"https:\/\/itsduacosmetics.com\/product\/glow-juice\/#primaryimage\",\"url\":\"https:\/\/itsduacosmetics.com\/wp-content\/uploads\/2025\/12\/IMG_1691-scaled.jpg\",\"contentUrl\":\"https:\/\/itsduacosmetics.com\/wp-content\/uploads\/2025\/12\/IMG_1691-scaled.jpg\",\"width\":1707,\"height\":2560},{\"@type\":\"BreadcrumbList\",\"@id\":\"https:\/\/itsduacosmetics.com\/product\/glow-juice\/#breadcrumb\",\"itemListElement\":[{\"@type\":\"ListItem\",\"position\":1,\"name\":\"\u0627\u0644\u0631\u0626\u064a\u0633\u064a\u0629\",\"item\":\"https:\/\/itsduacosmetics.com\/en\/\"},{\"@type\":\"ListItem\",\"position\":2,\"name\":\"Shop\",\"item\":\"https:\/\/itsduacosmetics.com\/shop\/\"},{\"@type\":\"ListItem\",\"position\":3,\"name\":\"GLOW JUICE\"}]},{\"@type\":\"WebSite\",\"@id\":\"https:\/\/itsduacosmetics.com\/#website\",\"url\":\"https:\/\/itsduacosmetics.com\/\",\"name\":\"DUA\",\"description\":\"Dua is a modern beauty and wellness store dedicated to bringing you high-quality products that support your daily self-care. We carefully select every item to ensure real results, trusted formulas, and a smooth shopping experience from start to finish. At Dua, we believe that self-care is not a luxury \u2014 it\u2019s essential. Our mission is to help you feel confident, healthy, and empowered every day through products that make a difference.\",\"potentialAction\":[{\"@type\":\"SearchAction\",\"target\":{\"@type\":\"EntryPoint\",\"urlTemplate\":\"https:\/\/itsduacosmetics.com\/?s={search_term_string}\"},\"query-input\":{\"@type\":\"PropertyValueSpecification\",\"valueRequired\":true,\"valueName\":\"search_term_string\"}}],\"inLanguage\":\"tr\"}]}<\/script>\n<!-- \/ Yoast SEO plugin. -->","yoast_head_json":{"title":"GLOW JUICE - DUA","description":"GLOW JUICE Glossy Lip Oil \u2013 Shade 04 Transparent Volume: 7 m","robots":{"index":"index","follow":"follow","max-snippet":"max-snippet:-1","max-image-preview":"max-image-preview:large","max-video-preview":"max-video-preview:-1"},"canonical":"https:\/\/itsduacosmetics.com\/tr\/urun\/glow-juice\/","og_locale":"tr_TR","og_type":"article","og_title":"GLOW JUICE - DUA","og_description":"GLOW JUICE Glossy Lip Oil \u2013 Shade 04 Transparent Volume: 7 m","og_url":"https:\/\/itsduacosmetics.com\/tr\/urun\/glow-juice\/","og_site_name":"DUA","article_modified_time":"2026-01-31T17:54:58+00:00","og_image":[{"width":1707,"height":2560,"url":"https:\/\/itsduacosmetics.com\/wp-content\/uploads\/2025\/12\/IMG_1691-scaled.jpg","type":"image\/jpeg"}],"twitter_card":"summary_large_image","twitter_misc":{"Tahmini okuma s\u00fcresi":"2 dakika"},"schema":{"@context":"https:\/\/schema.org","@graph":[{"@type":"WebPage","@id":"https:\/\/itsduacosmetics.com\/product\/glow-juice\/","url":"https:\/\/itsduacosmetics.com\/product\/glow-juice\/","name":"GLOW JUICE - DUA","isPartOf":{"@id":"https:\/\/itsduacosmetics.com\/#website"},"primaryImageOfPage":{"@id":"https:\/\/itsduacosmetics.com\/product\/glow-juice\/#primaryimage"},"image":{"@id":"https:\/\/itsduacosmetics.com\/product\/glow-juice\/#primaryimage"},"thumbnailUrl":"https:\/\/itsduacosmetics.com\/wp-content\/uploads\/2025\/12\/IMG_1691-scaled.jpg","datePublished":"2025-12-16T07:12:45+00:00","dateModified":"2026-01-31T17:54:58+00:00","description":"GLOW JUICE Glossy Lip Oil \u2013 Shade 04 Transparent Volume: 7 m","breadcrumb":{"@id":"https:\/\/itsduacosmetics.com\/product\/glow-juice\/#breadcrumb"},"inLanguage":"tr","potentialAction":[{"@type":"ReadAction","target":["https:\/\/itsduacosmetics.com\/product\/glow-juice\/"]}]},{"@type":"ImageObject","inLanguage":"tr","@id":"https:\/\/itsduacosmetics.com\/product\/glow-juice\/#primaryimage","url":"https:\/\/itsduacosmetics.com\/wp-content\/uploads\/2025\/12\/IMG_1691-scaled.jpg","contentUrl":"https:\/\/itsduacosmetics.com\/wp-content\/uploads\/2025\/12\/IMG_1691-scaled.jpg","width":1707,"height":2560},{"@type":"BreadcrumbList","@id":"https:\/\/itsduacosmetics.com\/product\/glow-juice\/#breadcrumb","itemListElement":[{"@type":"ListItem","position":1,"name":"\u0627\u0644\u0631\u0626\u064a\u0633\u064a\u0629","item":"https:\/\/itsduacosmetics.com\/en\/"},{"@type":"ListItem","position":2,"name":"Shop","item":"https:\/\/itsduacosmetics.com\/shop\/"},{"@type":"ListItem","position":3,"name":"GLOW JUICE"}]},{"@type":"WebSite","@id":"https:\/\/itsduacosmetics.com\/#website","url":"https:\/\/itsduacosmetics.com\/","name":"DUA","description":"Dua, g\u00fcnl\u00fck ki\u015fisel bak\u0131m\u0131n\u0131z\u0131 destekleyen y\u00fcksek kaliteli \u00fcr\u00fcnler sunmaya adanm\u0131\u015f modern bir g\u00fczellik ve sa\u011fl\u0131k ma\u011fazas\u0131d\u0131r. Ger\u00e7ek sonu\u00e7lar, g\u00fcvenilir form\u00fcller ve ba\u015ftan sona sorunsuz bir al\u0131\u015fveri\u015f deneyimi sa\u011flamak i\u00e7in her \u00fcr\u00fcn\u00fc \u00f6zenle se\u00e7iyoruz. Dua'da, ki\u015fisel bak\u0131m\u0131n bir l\u00fcks de\u011fil, bir gereklilik oldu\u011funa inan\u0131yoruz. Misyonumuz, fark yaratan \u00fcr\u00fcnlerle her g\u00fcn kendinizi g\u00fcvende, sa\u011fl\u0131kl\u0131 ve g\u00fc\u00e7l\u00fc hissetmenize yard\u0131mc\u0131 olmakt\u0131r.","potentialAction":[{"@type":"SearchAction","target":{"@type":"EntryPoint","urlTemplate":"https:\/\/itsduacosmetics.com\/?s={search_term_string}"},"query-input":{"@type":"PropertyValueSpecification","valueRequired":true,"valueName":"search_term_string"}}],"inLanguage":"tr"}]}},"_links":{"self":[{"href":"https:\/\/itsduacosmetics.com\/tr\/wp-json\/wp\/v2\/product\/16780","targetHints":{"allow":["GET"]}}],"collection":[{"href":"https:\/\/itsduacosmetics.com\/tr\/wp-json\/wp\/v2\/product"}],"about":[{"href":"https:\/\/itsduacosmetics.com\/tr\/wp-json\/wp\/v2\/types\/product"}],"replies":[{"embeddable":true,"href":"https:\/\/itsduacosmetics.com\/tr\/wp-json\/wp\/v2\/comments?post=16780"}],"version-history":[{"count":1,"href":"https:\/\/itsduacosmetics.com\/tr\/wp-json\/wp\/v2\/product\/16780\/revisions"}],"predecessor-version":[{"id":16784,"href":"https:\/\/itsduacosmetics.com\/tr\/wp-json\/wp\/v2\/product\/16780\/revisions\/16784"}],"wp:featuredmedia":[{"embeddable":true,"href":"https:\/\/itsduacosmetics.com\/tr\/wp-json\/wp\/v2\/media\/16781"}],"wp:attachment":[{"href":"https:\/\/itsduacosmetics.com\/tr\/wp-json\/wp\/v2\/media?parent=16780"}],"wp:term":[{"taxonomy":"product_brand","embeddable":true,"href":"https:\/\/itsduacosmetics.com\/tr\/wp-json\/wp\/v2\/product_brand?post=16780"},{"taxonomy":"product_cat","embeddable":true,"href":"https:\/\/itsduacosmetics.com\/tr\/wp-json\/wp\/v2\/product_cat?post=16780"},{"taxonomy":"product_tag","embeddable":true,"href":"https:\/\/itsduacosmetics.com\/tr\/wp-json\/wp\/v2\/product_tag?post=16780"}],"curies":[{"name":"wp","href":"https:\/\/api.w.org\/{rel}","templated":true}]}}